{"id":1457,"date":"2019-09-19T22:29:30","date_gmt":"2019-09-20T03:29:30","guid":{"rendered":"http:\/\/voltier.com.mx\/?post_type=product&#038;p=1457"},"modified":"2026-02-10T08:28:13","modified_gmt":"2026-02-10T14:28:13","slug":"bovivolt-11-vias-solucion-inyectable-250-ml","status":"publish","type":"product","link":"http:\/\/voltier.com.mx\/?product=bovivolt-11-vias-solucion-inyectable-250-ml","title":{"rendered":"BOVIVOLT &#8211; 11 V\u00edas Soluci\u00f3n Inyectable 250 ml"},"content":{"rendered":"","protected":false},"excerpt":{"rendered":"<p>Esta indicada para la prevenci\u00f3n del Carb\u00f3n sintom\u00e1tico, Edema maligno, Hepatitis necr\u00f3tica infecciosa, Enterotoxemia, Pasteurelosis neum\u00f3nica e infecci\u00f3n por H. somnus.<br \/>\n&nbsp;<br \/>\nEspecies: Bovinos, Ovinos y Caprinos<br \/>\nDosis: Aplicar 5.0 ml a Bovino, Ovinos y Caprinos 2.5 ml, 1ra aplicaci\u00f3n: mayores de 3 meses de edad con revacunaci\u00f3n de 14-21 d\u00edas.<br \/>\nV\u00eda de Administraci\u00f3n: Intramuscular o subcut\u00e1nea.<br \/>\nProducto de uso exclusivo en Medicina Veterinaria<br \/>\nProducto Hecho en M\u00e9xico<br \/>\nRegistro SAGARPA: B-10086-002<\/p>\n","protected":false},"featured_media":1449,"comment_status":"open","ping_status":"closed","template":"","meta":[],"_links":{"self":[{"href":"http:\/\/voltier.com.mx\/index.php?rest_route=\/wp\/v2\/product\/1457"}],"collection":[{"href":"http:\/\/voltier.com.mx\/index.php?rest_route=\/wp\/v2\/product"}],"about":[{"href":"http:\/\/voltier.com.mx\/index.php?rest_route=\/wp\/v2\/types\/product"}],"replies":[{"embeddable":true,"href":"http:\/\/voltier.com.mx\/index.php?rest_route=%2Fwp%2Fv2%2Fcomments&post=1457"}],"wp:featuredmedia":[{"embeddable":true,"href":"http:\/\/voltier.com.mx\/index.php?rest_route=\/wp\/v2\/media\/1449"}],"wp:attachment":[{"href":"http:\/\/voltier.com.mx\/index.php?rest_route=%2Fwp%2Fv2%2Fmedia&parent=1457"}],"curies":[{"name":"wp","href":"https:\/\/api.w.org\/{rel}","templated":true}]}}