{"id":1459,"date":"2019-09-20T01:38:30","date_gmt":"2019-09-20T06:38:30","guid":{"rendered":"http:\/\/voltier.com.mx\/?post_type=product&#038;p=1459"},"modified":"2020-09-18T18:30:41","modified_gmt":"2020-09-18T23:30:41","slug":"bovivolt-11-vias-solucion-inyectable-100-ml","status":"publish","type":"product","link":"http:\/\/voltier.com.mx\/?product=bovivolt-11-vias-solucion-inyectable-100-ml","title":{"rendered":"BOVIVOLT &#8211; 11 V\u00edas Soluci\u00f3n Inyectable 100 ml"},"content":{"rendered":"","protected":false},"excerpt":{"rendered":"<p>Esta indicada para la prevenci\u00f3n del Carb\u00f3n sintom\u00e1tico, Edema maligno, Hepatitis necr\u00f3tica infecciosa, Enterotoxemia, Pasteurelosis neum\u00f3nica e infecci\u00f3n por H. somnus.<\/p>\n<p>Especies: Bovinos, Ovinos y Caprinos<br \/>\nDosis: Aplicar 5.0 ml a Bovino, Ovinos y Caprinos 2.5 ml, 1ra aplicaci\u00f3n: mayores de 3 meses de edad con revacunaci\u00f3n de 14-21 d\u00edas.<br \/>\nV\u00eda de Administraci\u00f3n: Intramuscular o subcut\u00e1nea.<br \/>\nProducto de uso exclusivo en Medicina Veterinaria<\/p>\n<p>Cultivos bacterianos completos inactivados y adsorbidos en gel de hidr\u00f3xido de aluminio cuyo contenido por dosis es de:<\/p>\n<p>Clostridium chauvoei\u2026\u2026\u2026\u2026\u2026..108.0 UFC*<br \/>\nClostridium septicum\u2026\u2026\u2026\u2026&#8230;..108.0 UFC*<br \/>\nClostridium sordelli\u2026\u2026\u2026&#8230;\u2026\u2026..108.0 UFC*<br \/>\nClostridium novyi\u2026\u2026\u2026\u2026..\u2026\u2026..108.0 UFC*<br \/>\nClostridium perfringens tipo C\u2026..108.0 UFC*<br \/>\nClostridium perfringens tipo D\u2026..108.0 UFC*<br \/>\nPasteurella multocida\u2026\u2026\u2026\u2026\u2026.108.0 UFC*<br \/>\nMannheimia haemolytica\u2026\u2026\u2026..108.0 UFC*<br \/>\nHaemophilus somnus\u2026\u2026\u2026\u2026\u2026.108.0 UFC*<br \/>\nAbsorbido en Hidr\u00f3xido de<br \/>\nAluminio\u2026\u2026\u2026\u2026\u2026\u2026\u2026\u2026\u2026\u2026.\u2026..0.25%<\/p>\n<p>Producto Hecho en M\u00e9xico<br \/>\nRegistro SAGARPA: B-10086-002<\/p>\n","protected":false},"featured_media":1460,"comment_status":"open","ping_status":"closed","template":"","meta":[],"_links":{"self":[{"href":"http:\/\/voltier.com.mx\/index.php?rest_route=\/wp\/v2\/product\/1459"}],"collection":[{"href":"http:\/\/voltier.com.mx\/index.php?rest_route=\/wp\/v2\/product"}],"about":[{"href":"http:\/\/voltier.com.mx\/index.php?rest_route=\/wp\/v2\/types\/product"}],"replies":[{"embeddable":true,"href":"http:\/\/voltier.com.mx\/index.php?rest_route=%2Fwp%2Fv2%2Fcomments&post=1459"}],"wp:featuredmedia":[{"embeddable":true,"href":"http:\/\/voltier.com.mx\/index.php?rest_route=\/wp\/v2\/media\/1460"}],"wp:attachment":[{"href":"http:\/\/voltier.com.mx\/index.php?rest_route=%2Fwp%2Fv2%2Fmedia&parent=1459"}],"curies":[{"name":"wp","href":"https:\/\/api.w.org\/{rel}","templated":true}]}}