{"id":1468,"date":"2019-09-20T01:53:13","date_gmt":"2019-09-20T06:53:13","guid":{"rendered":"http:\/\/voltier.com.mx\/?post_type=product&#038;p=1468"},"modified":"2020-09-18T19:23:31","modified_gmt":"2020-09-19T00:23:31","slug":"bovivolt-triple-bacterina-para-la-inmunizacion-suspension-inyectable-250-ml","status":"publish","type":"product","link":"http:\/\/voltier.com.mx\/?product=bovivolt-triple-bacterina-para-la-inmunizacion-suspension-inyectable-250-ml","title":{"rendered":"BOVIVOLT TRIPLE  &#8211; Bacterina para la Inmunizaci\u00f3n &#8211; Suspensi\u00f3n Inyectable 250 ml"},"content":{"rendered":"","protected":false},"excerpt":{"rendered":"<p>BOVIVOLT TRIPLE esta indicado para la Inmunizaci\u00f3n de ganado Bovino, Ovino y Caprino contra el Carb\u00f3n Sintom\u00e1tico, Edema Maligno y Pasteurelosis Neum\u00f3nica.<\/p>\n<p>Especies: Bovinos, Ovinos y Caprinos<br \/>\nDosis:<br \/>\nAplicar Bovinos 5 ml.<br \/>\nOvinos y Caprinos 2.5 ml<br \/>\nV\u00eda de Administraci\u00f3n: Intramuscular o subcut\u00e1nea<br \/>\nProducto de uso exclusivo en Medicina Veterinaria<\/p>\n<p>Pasteurella multocida tipo A, C y D 33%<br \/>\nPasteurella Haemolytica tipo 1 33%<br \/>\nClostridium chauvoei 33%<br \/>\nClostridium septicum 33%<\/p>\n<p>Absorbidos en Hidr\u00f3xido de Aluminio<\/p>\n<p>Producto Hecho en M\u00e9xico<br \/>\nRegistro SAGARPA: B-10086-003<\/p>\n","protected":false},"featured_media":1469,"comment_status":"open","ping_status":"closed","template":"","meta":[],"_links":{"self":[{"href":"http:\/\/voltier.com.mx\/index.php?rest_route=\/wp\/v2\/product\/1468"}],"collection":[{"href":"http:\/\/voltier.com.mx\/index.php?rest_route=\/wp\/v2\/product"}],"about":[{"href":"http:\/\/voltier.com.mx\/index.php?rest_route=\/wp\/v2\/types\/product"}],"replies":[{"embeddable":true,"href":"http:\/\/voltier.com.mx\/index.php?rest_route=%2Fwp%2Fv2%2Fcomments&post=1468"}],"wp:featuredmedia":[{"embeddable":true,"href":"http:\/\/voltier.com.mx\/index.php?rest_route=\/wp\/v2\/media\/1469"}],"wp:attachment":[{"href":"http:\/\/voltier.com.mx\/index.php?rest_route=%2Fwp%2Fv2%2Fmedia&parent=1468"}],"curies":[{"name":"wp","href":"https:\/\/api.w.org\/{rel}","templated":true}]}}