{"id":1470,"date":"2019-09-20T01:56:28","date_gmt":"2019-09-20T06:56:28","guid":{"rendered":"http:\/\/voltier.com.mx\/?post_type=product&#038;p=1470"},"modified":"2020-09-18T18:42:52","modified_gmt":"2020-09-18T23:42:52","slug":"carbovolt-vacuna-para-la-fiebre-carbonosa-solucion-inyectable-100-ml","status":"publish","type":"product","link":"http:\/\/voltier.com.mx\/?product=carbovolt-vacuna-para-la-fiebre-carbonosa-solucion-inyectable-100-ml","title":{"rendered":"CARBOVOLT &#8211; Vacuna para la Fiebre Carbonosa &#8211; Soluci\u00f3n Inyectable 100 ml"},"content":{"rendered":"","protected":false},"excerpt":{"rendered":"<p>Para la protecci\u00f3n de la fiebre carbonosa o \u00c1ntrax.<\/p>\n<p>Especies: Bovinos, Ovinos, Equinos, Caprinos y Porcinos.<br \/>\nDosis: Bovinos, Ovinos, Equinos, Caprinos y Porcinos: 2 ml.<br \/>\nV\u00eda de Administraci\u00f3n: Subcut\u00e1nea<br \/>\nVacuna para la inmunizaci\u00f3n contra el \u00c1ntrax o Fiebre Carbonosa<br \/>\nProducto de uso exclusivo en Medicina Veterinaria<\/p>\n<p>Vacuna preparada a base de esporas de Bacillus anthracis, Cepa Sterne absorbido en Hidr\u00f3xido de Aluminio, Semilla controlada del germen, se produce bajo t\u00e9cnicas apropiadas en Agar de soya, Tripticaseina, se cosecha el crecimiento y se le agrega el Hidr\u00f3xido de Aluminio en cantidad necesaria para una concentraci\u00f3n de 2,000,000 de esporas viables por dosis (2 mL).<\/p>\n<p>Producto Hecho en M\u00e9xico<br \/>\nRegistro SAGARPA: B-10086-004<\/p>\n","protected":false},"featured_media":1471,"comment_status":"open","ping_status":"closed","template":"","meta":[],"_links":{"self":[{"href":"http:\/\/voltier.com.mx\/index.php?rest_route=\/wp\/v2\/product\/1470"}],"collection":[{"href":"http:\/\/voltier.com.mx\/index.php?rest_route=\/wp\/v2\/product"}],"about":[{"href":"http:\/\/voltier.com.mx\/index.php?rest_route=\/wp\/v2\/types\/product"}],"replies":[{"embeddable":true,"href":"http:\/\/voltier.com.mx\/index.php?rest_route=%2Fwp%2Fv2%2Fcomments&post=1470"}],"wp:featuredmedia":[{"embeddable":true,"href":"http:\/\/voltier.com.mx\/index.php?rest_route=\/wp\/v2\/media\/1471"}],"wp:attachment":[{"href":"http:\/\/voltier.com.mx\/index.php?rest_route=%2Fwp%2Fv2%2Fmedia&parent=1470"}],"curies":[{"name":"wp","href":"https:\/\/api.w.org\/{rel}","templated":true}]}}