{"id":1489,"date":"2019-09-20T02:14:38","date_gmt":"2019-09-20T07:14:38","guid":{"rendered":"http:\/\/voltier.com.mx\/?post_type=product&#038;p=1489"},"modified":"2020-09-18T19:01:21","modified_gmt":"2020-09-19T00:01:21","slug":"emivolt-oxitetraciclina-clorhidrato-solucion-inyectable-500-ml-antibiotico","status":"publish","type":"product","link":"http:\/\/voltier.com.mx\/?product=emivolt-oxitetraciclina-clorhidrato-solucion-inyectable-500-ml-antibiotico","title":{"rendered":"EMIVOLT &#8211; Oxitetraciclina Clorhidrato &#8211; Soluci\u00f3n Inyectable 500 ml &#8211; Antibi\u00f3tico"},"content":{"rendered":"","protected":false},"excerpt":{"rendered":"<p>Indicado para el tratamiento de enfermedades respiratorias, gastrointes urinarias e infecciones locales causadas por g\u00e9rmenes sensibles a la Oxitetra. Efectiva contra bacterias Gram (+), G y anaplasma.<\/p>\n<p>Especies: Bovinos (carne y leche), Porcinos, Caprinos.<br \/>\nDosis: Bovinos (carne y leche), Porcinos, Caprinos: 1ml por cada 10 a 20 peso corporal, equivalentes a 5 &#8211; 10 Oxitetraciclina por kg de peso; cada 24 horas durante 3 &#8211; 5 d\u00edas.<br \/>\nV\u00eda de Administraci\u00f3n: Intramuscular, intravenosa y subcut\u00e1nea.<br \/>\nProducto de uso exclusivo en Medicina Veterinaria \/ Su venta requiere receta m\u00e9dica<\/p>\n<p>Cada mL contiene:<\/p>\n<p>Oxitetraciclina clorhidrato 100 mg<br \/>\nVeh\u00edculo c.b.p. 1 mL<\/p>\n<p>Producto Hecho en M\u00e9xico<br \/>\nRegistro SAGARPA: Q-10086-019<\/p>\n","protected":false},"featured_media":1490,"comment_status":"open","ping_status":"closed","template":"","meta":[],"_links":{"self":[{"href":"http:\/\/voltier.com.mx\/index.php?rest_route=\/wp\/v2\/product\/1489"}],"collection":[{"href":"http:\/\/voltier.com.mx\/index.php?rest_route=\/wp\/v2\/product"}],"about":[{"href":"http:\/\/voltier.com.mx\/index.php?rest_route=\/wp\/v2\/types\/product"}],"replies":[{"embeddable":true,"href":"http:\/\/voltier.com.mx\/index.php?rest_route=%2Fwp%2Fv2%2Fcomments&post=1489"}],"wp:featuredmedia":[{"embeddable":true,"href":"http:\/\/voltier.com.mx\/index.php?rest_route=\/wp\/v2\/media\/1490"}],"wp:attachment":[{"href":"http:\/\/voltier.com.mx\/index.php?rest_route=%2Fwp%2Fv2%2Fmedia&parent=1489"}],"curies":[{"name":"wp","href":"https:\/\/api.w.org\/{rel}","templated":true}]}}