{"id":1495,"date":"2019-09-24T21:37:18","date_gmt":"2019-09-25T02:37:18","guid":{"rendered":"http:\/\/voltier.com.mx\/?post_type=product&#038;p=1495"},"modified":"2020-09-18T18:58:33","modified_gmt":"2020-09-18T23:58:33","slug":"enrovolt-10-enrofloxacina-250-ml-solucion-inyectable-antibiotico-de-amplio-espectro","status":"publish","type":"product","link":"http:\/\/voltier.com.mx\/?product=enrovolt-10-enrofloxacina-250-ml-solucion-inyectable-antibiotico-de-amplio-espectro","title":{"rendered":"ENROVOLT 10% &#8211; Enrofloxacina 250 ml &#8211; Soluci\u00f3n Inyectable &#8211; Antibi\u00f3tico de Amplio Espectro"},"content":{"rendered":"","protected":false},"excerpt":{"rendered":"<p>ENROVOLT es una fluoroquinolona para el tratamiento de enfermedades ocasionadas principalmente por Mycoplasma spp, entre otras bacterias Gram positivas y Gram negativas como Pasteurella multocida, Mannheimia haemolytica, Histophilus somni, Salmonella spp., Campylobacter spp., Shigella spp., Haemophilus spp., Yersinia spp., Serratia spp., Pseudomonas spp., E. coli, Klebsiella spp., Proteus spp., Enterobacter spp., Ehrlichia spp., Brucella spp., Leptospira spp., Staphylococcus spp, y Actinobacillus pleuropneumoniae.<\/p>\n<p>Especies: Caninos, Porcinos (lechones, engorda y reproductoras), Bovinos (reproductores de carne y bovinos productores de leche, que no est\u00e9n en producci\u00f3n).<br \/>\nDosis: Caninos: 5 a 20 mg de Enrofloxacina \/ kg equivalentes a de 0.5 a 2 ml de ENROVOLT\/ 10 kg de peso vivo, cada 24 h IV e IM. Bovinos: 2.5 a 5 mg de Enrofloxacina \/ kg equivalentes a de 1 a 2 ml de ENROVOLT\/ 40 kg de peso vivo, cada 24 h de 3 a 5 d\u00edas. SC 7.5 a 12.5 mg de Enrofloxacina \/ kg equivalentes a de 1.5 a 5 ml de ENROVOLT\/ 40 kg de peso vivo, una sola aplicaci\u00f3n.SC. Porcinos: 5 a 7.5 mg de Enrofloxacina \/ kg de peso vivo, equivalentes a 1 a 1.5 ml de ENROVOLT\/ 20 kg de peso vivo, cada 24 h, IM o SC detr\u00e1s de la oreja. No administre m\u00e1s de 10 ml en el mismo sitio de aplicaci\u00f3n.<br \/>\nV\u00eda de Administraci\u00f3n: Intramuscular profunda, subcut\u00e1nea o intravenosa.<br \/>\nProducto de uso exclusivo en Medicina Veterinaria<\/p>\n<p>Cada 1 mL contiene:<\/p>\n<p>Enrofloxacina 100 mg<br \/>\nVeh\u00edculo c.b.p. 1 mL<\/p>\n<p>Producto Hecho en M\u00e9xico<br \/>\nRegistro SAGARPA: Q-10086-002<\/p>\n","protected":false},"featured_media":1496,"comment_status":"open","ping_status":"closed","template":"","meta":[],"_links":{"self":[{"href":"http:\/\/voltier.com.mx\/index.php?rest_route=\/wp\/v2\/product\/1495"}],"collection":[{"href":"http:\/\/voltier.com.mx\/index.php?rest_route=\/wp\/v2\/product"}],"about":[{"href":"http:\/\/voltier.com.mx\/index.php?rest_route=\/wp\/v2\/types\/product"}],"replies":[{"embeddable":true,"href":"http:\/\/voltier.com.mx\/index.php?rest_route=%2Fwp%2Fv2%2Fcomments&post=1495"}],"wp:featuredmedia":[{"embeddable":true,"href":"http:\/\/voltier.com.mx\/index.php?rest_route=\/wp\/v2\/media\/1496"}],"wp:attachment":[{"href":"http:\/\/voltier.com.mx\/index.php?rest_route=%2Fwp%2Fv2%2Fmedia&parent=1495"}],"curies":[{"name":"wp","href":"https:\/\/api.w.org\/{rel}","templated":true}]}}