{"id":1498,"date":"2019-09-24T21:51:41","date_gmt":"2019-09-25T02:51:41","guid":{"rendered":"http:\/\/voltier.com.mx\/?post_type=product&#038;p=1498"},"modified":"2020-09-18T19:32:37","modified_gmt":"2020-09-19T00:32:37","slug":"mastivolt-suspension-intramamaria-cubeta-con-30-jeringas-de-10-g-c-u","status":"publish","type":"product","link":"http:\/\/voltier.com.mx\/?product=mastivolt-suspension-intramamaria-cubeta-con-30-jeringas-de-10-g-c-u","title":{"rendered":"MASTIVOLT  &#8211; Suspensi\u00f3n Intramamaria &#8211; Cubeta con 30 Jeringas de 10 g c\/u"},"content":{"rendered":"","protected":false},"excerpt":{"rendered":"<p>MASTIVOLT esta indicado para el tratamiento de las mastitis de curso agudo y cr\u00f3nico, causadas por bacterias sensibles a los componentes de la f\u00f3rmula como Escherichia coli, Enterobacter spp, Klebsiella spp, Enterococcus spp, Staphylococcus spp, Streptococcus spp y Staphylococcus spp coagulasa negativa. Tambi\u00e9n es auxiliar en el tratamiento de Arcanobacterium pyogenes (Actinomyces).<\/p>\n<p>Especies: Bovinos (Vacas en lactaci\u00f3n)<br \/>\nDosis:<br \/>\nAplicar una jeringa de 10g de SECAVOLT por cada cuarto afectado. Repetir cada 24 horas durante 3 a 5 d\u00edas.<br \/>\nV\u00eda de Administraci\u00f3n: Intramamaria, previa limpieza, orde\u00f1a y desinfecci\u00f3n del cuarto a tratar. Dar un masaje ligero a la gl\u00e1ndula mamaria para mayor difusi\u00f3n del producto.<br \/>\nProducto de uso exclusivo en Medicina Veterinaria<\/p>\n<p>&nbsp;<\/p>\n<p>Cada jeringa de 10 g contiene:<\/p>\n<p>Tetraciclina HCl 200 mg<\/p>\n<p>Neomicina (sulfato) 250 mg<\/p>\n<p>Bacitracina 2,000 UI<\/p>\n<p>Prednisolona 10 mg<\/p>\n<p>Veh\u00edculo c.b.p. 10 g<\/p>\n<p>Producto Hecho en M\u00e9xico<br \/>\nRegistro SAGARPA: Q-10086-009<\/p>\n","protected":false},"featured_media":1499,"comment_status":"open","ping_status":"closed","template":"","meta":[],"_links":{"self":[{"href":"http:\/\/voltier.com.mx\/index.php?rest_route=\/wp\/v2\/product\/1498"}],"collection":[{"href":"http:\/\/voltier.com.mx\/index.php?rest_route=\/wp\/v2\/product"}],"about":[{"href":"http:\/\/voltier.com.mx\/index.php?rest_route=\/wp\/v2\/types\/product"}],"replies":[{"embeddable":true,"href":"http:\/\/voltier.com.mx\/index.php?rest_route=%2Fwp%2Fv2%2Fcomments&post=1498"}],"wp:featuredmedia":[{"embeddable":true,"href":"http:\/\/voltier.com.mx\/index.php?rest_route=\/wp\/v2\/media\/1499"}],"wp:attachment":[{"href":"http:\/\/voltier.com.mx\/index.php?rest_route=%2Fwp%2Fv2%2Fmedia&parent=1498"}],"curies":[{"name":"wp","href":"https:\/\/api.w.org\/{rel}","templated":true}]}}