{"id":1514,"date":"2019-09-24T22:14:42","date_gmt":"2019-09-25T03:14:42","guid":{"rendered":"http:\/\/voltier.com.mx\/?post_type=product&#038;p=1514"},"modified":"2020-09-18T19:21:25","modified_gmt":"2020-09-19T00:21:25","slug":"ironvolt-hierro-hematopoyetico-vitaminico-solucion-inyectable-100-ml","status":"publish","type":"product","link":"http:\/\/voltier.com.mx\/?product=ironvolt-hierro-hematopoyetico-vitaminico-solucion-inyectable-100-ml","title":{"rendered":"IRONVOLT  &#8211; Hierro Hematopoy\u00e9tico Vitam\u00ednico &#8211; Soluci\u00f3n Inyectable 100 ml"},"content":{"rendered":"","protected":false},"excerpt":{"rendered":"<p>IRONVOLT, est\u00e1 indicado para prevenci\u00f3n de la anemia ferropriva de los lechones, as\u00ed como el tratamiento de las anemias generadas en bovinos, ovinos y caprinos por deficiencia o p\u00e9rdida de hierro ocasionadas por altos \u00edndices productivos, desnutrici\u00f3n o hemorragia.<\/p>\n<p>Especies: Bovinos (productores de carne y productores de leche).<br \/>\nOvinos (productores de carne).<br \/>\nCaprinos (productores de carne y productores de leche).<br \/>\nPorcinos (lechones, engorda y reproductoras).<br \/>\nDosis:<br \/>\nBovinos: 5 ml las semanas 1, 4 y 6 de edad<br \/>\nOvinos y Caprinos: 2.5 ml entre las semanas 1 y 3 de edad<br \/>\nPorcinos: 1 ml entre los d\u00edas 1 y 4 de nacidos<br \/>\nV\u00eda de Administraci\u00f3n: Intramuscular profunda<br \/>\nProducto de uso exclusivo en Medicina Veterinaria \/ Su venta requiere receta m\u00e9dica<\/p>\n<p>Cada 1 mL contiene:<\/p>\n<p>Hierro dextr\u00e1n 200 mg<br \/>\nVitamina B12 10 \u00b5g<br \/>\nCobalto 10 \u00b5g<br \/>\nZinc 0.5 mg<br \/>\nVeh\u00edculo c.b.p. 1 mL<\/p>\n<p>Producto Hecho en M\u00e9xico<br \/>\nRegistro SAGARPA: Q-10086-003<\/p>\n","protected":false},"featured_media":1515,"comment_status":"open","ping_status":"closed","template":"","meta":[],"_links":{"self":[{"href":"http:\/\/voltier.com.mx\/index.php?rest_route=\/wp\/v2\/product\/1514"}],"collection":[{"href":"http:\/\/voltier.com.mx\/index.php?rest_route=\/wp\/v2\/product"}],"about":[{"href":"http:\/\/voltier.com.mx\/index.php?rest_route=\/wp\/v2\/types\/product"}],"replies":[{"embeddable":true,"href":"http:\/\/voltier.com.mx\/index.php?rest_route=%2Fwp%2Fv2%2Fcomments&post=1514"}],"wp:featuredmedia":[{"embeddable":true,"href":"http:\/\/voltier.com.mx\/index.php?rest_route=\/wp\/v2\/media\/1515"}],"wp:attachment":[{"href":"http:\/\/voltier.com.mx\/index.php?rest_route=%2Fwp%2Fv2%2Fmedia&parent=1514"}],"curies":[{"name":"wp","href":"https:\/\/api.w.org\/{rel}","templated":true}]}}