{"id":1526,"date":"2019-09-24T22:26:03","date_gmt":"2019-09-25T03:26:03","guid":{"rendered":"http:\/\/voltier.com.mx\/?post_type=product&#038;p=1526"},"modified":"2020-09-18T19:17:26","modified_gmt":"2020-09-19T00:17:26","slug":"ivervolt-l-a-gold-4-ivermectina-alta-concentracion-solucion-inyectable","status":"publish","type":"product","link":"http:\/\/voltier.com.mx\/?product=ivervolt-l-a-gold-4-ivermectina-alta-concentracion-solucion-inyectable","title":{"rendered":"IVERVOLT L.A. GOLD 4%  &#8211; Ivermectina &#8211; Alta Concentraci\u00f3n &#8211; Soluci\u00f3n Inyectable"},"content":{"rendered":"","protected":false},"excerpt":{"rendered":"<p>Endectoparasiticida de amplio espectro, Sarnicida y Piojicida. Es eficaz para el tratamiento y control de parasitosis gastrointestinales, pulmonares y oculares, ocasionadas por nematodos en fases larvarias y adultas. Tambien esta indicado para el control de ectopar\u00e1sitos como \u00e1caros productores de sarna, piojos y larvas de mosca.<\/p>\n<p>Especies: Bovinos productores de carne<br \/>\nDosis 1 ml por cada 50 kg de peso corporal de acuerdo a la siguiente tabla:<br \/>\nPESO VIVO DEL ANIMAL DOSIS DE INVERVOLT DOSIS DE IVERMECTINA<br \/>\n50 kg 1ml 800 \u00b5g<br \/>\n100 kg 2 ml 1600 \u00b5g<br \/>\n200 kg 4 ml 3200 \u00b5g<br \/>\n300 kg 6 ml 4800 \u00b5g<br \/>\n400 kg 8 ml 6400 \u00b5g<br \/>\n500 kg 10 ml 8000 \u00b5g<\/p>\n<p>V\u00eda de Administraci\u00f3n: Subcut\u00e1nea exclusivamente<br \/>\nProducto de uso exclusivo en Medicina Veterinaria \/ Su venta requiere receta m\u00e9dica<\/p>\n<p>Cada 100 mL contiene:<\/p>\n<p>Ivermectina 4 g<br \/>\nVeh\u00edculo c.b.p. 100 mL<\/p>\n<p>Producto Hecho en M\u00e9xico<br \/>\nRegistro SAGARPA: Q-10086-006<\/p>\n","protected":false},"featured_media":1527,"comment_status":"open","ping_status":"closed","template":"","meta":[],"_links":{"self":[{"href":"http:\/\/voltier.com.mx\/index.php?rest_route=\/wp\/v2\/product\/1526"}],"collection":[{"href":"http:\/\/voltier.com.mx\/index.php?rest_route=\/wp\/v2\/product"}],"about":[{"href":"http:\/\/voltier.com.mx\/index.php?rest_route=\/wp\/v2\/types\/product"}],"replies":[{"embeddable":true,"href":"http:\/\/voltier.com.mx\/index.php?rest_route=%2Fwp%2Fv2%2Fcomments&post=1526"}],"wp:featuredmedia":[{"embeddable":true,"href":"http:\/\/voltier.com.mx\/index.php?rest_route=\/wp\/v2\/media\/1527"}],"wp:attachment":[{"href":"http:\/\/voltier.com.mx\/index.php?rest_route=%2Fwp%2Fv2%2Fmedia&parent=1526"}],"curies":[{"name":"wp","href":"https:\/\/api.w.org\/{rel}","templated":true}]}}