{"id":1529,"date":"2019-09-24T22:29:19","date_gmt":"2019-09-25T03:29:19","guid":{"rendered":"http:\/\/voltier.com.mx\/?post_type=product&#038;p=1529"},"modified":"2020-09-18T19:19:58","modified_gmt":"2020-09-19T00:19:58","slug":"ivervolt-1-ivermectina-solucion-inyectable","status":"publish","type":"product","link":"http:\/\/voltier.com.mx\/?product=ivervolt-1-ivermectina-solucion-inyectable","title":{"rendered":"IVERVOLT 1%  &#8211; Ivermectina &#8211; Soluci\u00f3n Inyectable"},"content":{"rendered":"","protected":false},"excerpt":{"rendered":"<p>Endectoparasiticida de amplio espectro, Sarnicida y Piojicida para aplicaci\u00f3n en Bovinos, Porcinos, Ovinos y Caprinos. IVERVOLT 1%, esta indicado para el control y tratamiento de parasitosis gastrointestinales, pulmonares, con efecto sarnicida y piojicida.<\/p>\n<p>Especies: Bovinos (de carne y leche), Porcinos, Ovinos y Caprinos.<br \/>\nDosis:<br \/>\nBovinos: 1.0 ml. por cada 50 kg<br \/>\nPorcinos: 1.0 ml por cada 33 kg<br \/>\nOvinos y Caprinos: 0.5 ml por cada 25 kg<br \/>\nV\u00eda de Administraci\u00f3n: Subcut\u00e1nea<br \/>\nProducto de uso exclusivo en Medicina Veterinaria \/ Su venta requiere receta m\u00e9dica<\/p>\n<p>Cada 100 mL contienen:<\/p>\n<p>Ivermectina 1 g<br \/>\nVeh\u00edculo c.b.p. 100 mL<\/p>\n<p>Producto Hecho en M\u00e9xico<br \/>\nRegistro SAGARPA: Q-10086-004<\/p>\n","protected":false},"featured_media":1530,"comment_status":"open","ping_status":"closed","template":"","meta":[],"_links":{"self":[{"href":"http:\/\/voltier.com.mx\/index.php?rest_route=\/wp\/v2\/product\/1529"}],"collection":[{"href":"http:\/\/voltier.com.mx\/index.php?rest_route=\/wp\/v2\/product"}],"about":[{"href":"http:\/\/voltier.com.mx\/index.php?rest_route=\/wp\/v2\/types\/product"}],"replies":[{"embeddable":true,"href":"http:\/\/voltier.com.mx\/index.php?rest_route=%2Fwp%2Fv2%2Fcomments&post=1529"}],"wp:featuredmedia":[{"embeddable":true,"href":"http:\/\/voltier.com.mx\/index.php?rest_route=\/wp\/v2\/media\/1530"}],"wp:attachment":[{"href":"http:\/\/voltier.com.mx\/index.php?rest_route=%2Fwp%2Fv2%2Fmedia&parent=1529"}],"curies":[{"name":"wp","href":"https:\/\/api.w.org\/{rel}","templated":true}]}}