{"id":1541,"date":"2019-09-24T22:42:42","date_gmt":"2019-09-25T03:42:42","guid":{"rendered":"http:\/\/voltier.com.mx\/?post_type=product&#038;p=1541"},"modified":"2020-09-18T19:15:37","modified_gmt":"2020-09-19T00:15:37","slug":"azulvolt-125-ml-cicatrizante-de-amplio-espectro-con-aplicador-spray","status":"publish","type":"product","link":"http:\/\/voltier.com.mx\/?product=azulvolt-125-ml-cicatrizante-de-amplio-espectro-con-aplicador-spray","title":{"rendered":"AZULVOLT  &#8211; 125 ml &#8211; Cicatrizante de Amplio Espectro &#8211; Con Aplicador Spray"},"content":{"rendered":"","protected":false},"excerpt":{"rendered":"<p>Cicatrizante de Amplio Espectro que ayuda a una r\u00e1pida cicatrizaci\u00f3n en heridas y traumatismos quir\u00fargicos.<\/p>\n<p>Dosis Aplicar en cantidad abundante y repetir la operaci\u00f3n dos o tres veces diarias.<br \/>\nV\u00eda de Administraci\u00f3n: t\u00f3pica<br \/>\nProducto de uso exclusivo en Medicina Veterinaria \/ Consulte al m\u00e9dico veterinario zootecnista<\/p>\n<p>Violeta de Genciana\u2026\u2026\u2026\u2026\u2026\u2026..1 g<br \/>\nAlcafor\u2026\u2026\u2026\u2026\u2026\u2026\u2026\u2026\u2026\u2026\u2026\u2026\u2026\u2026.4 g<br \/>\nYodo Met\u00e1lico\u2026\u2026\u2026\u2026\u2026\u2026\u2026\u2026\u2026\u20260.5 g<br \/>\nFenol\u2026\u2026\u2026\u2026\u2026\u2026\u2026\u2026\u2026\u2026\u2026\u2026\u2026\u2026\u2026.20.5 g<br \/>\nAlcohol Et\u00edlico\u2026\u2026\u2026\u2026\u2026\u2026\u2026\u2026\u2026\u2026.32.5 ml<br \/>\nVeh\u00edculo c.b.p\u2026\u2026\u2026\u2026\u2026\u2026\u2026\u2026\u2026\u2026.100 ml<\/p>\n<p>Producto Hecho en M\u00e9xico<\/p>\n","protected":false},"featured_media":1542,"comment_status":"open","ping_status":"closed","template":"","meta":[],"_links":{"self":[{"href":"http:\/\/voltier.com.mx\/index.php?rest_route=\/wp\/v2\/product\/1541"}],"collection":[{"href":"http:\/\/voltier.com.mx\/index.php?rest_route=\/wp\/v2\/product"}],"about":[{"href":"http:\/\/voltier.com.mx\/index.php?rest_route=\/wp\/v2\/types\/product"}],"replies":[{"embeddable":true,"href":"http:\/\/voltier.com.mx\/index.php?rest_route=%2Fwp%2Fv2%2Fcomments&post=1541"}],"wp:featuredmedia":[{"embeddable":true,"href":"http:\/\/voltier.com.mx\/index.php?rest_route=\/wp\/v2\/media\/1542"}],"wp:attachment":[{"href":"http:\/\/voltier.com.mx\/index.php?rest_route=%2Fwp%2Fv2%2Fmedia&parent=1541"}],"curies":[{"name":"wp","href":"https:\/\/api.w.org\/{rel}","templated":true}]}}